{"id":6227,"date":"2025-07-15T15:15:03","date_gmt":"2025-07-15T15:15:03","guid":{"rendered":"http:\/\/bicistorevalencia.es\/tienda\/?post_type=product&#038;p=6227"},"modified":"2025-07-15T15:15:06","modified_gmt":"2025-07-15T15:15:06","slug":"liquidacion-mmr-kenta-30-2024-2","status":"publish","type":"product","link":"https:\/\/bicistorevalencia.es\/tienda\/producto\/liquidacion-mmr-kenta-30-2024-2\/","title":{"rendered":"LIQUIDACI\u00d3N MMR KENTA 30 2024"},"content":{"rendered":"<p>LIQUIDACI\u00d3N MMR KENTA 30 2024<br class=\"html-br\" \/>TALLAS M y L<br class=\"html-br\" \/><br class=\"html-br\" \/>Precio&#8230;.2190\u20ac<br class=\"html-br\" \/><br class=\"html-br\" \/>Horquilla: Fox Rhythm 100mm. Remote<br class=\"html-br\" \/>Grupo: Sram Gx 12v<br class=\"html-br\" \/>Frenos: Shimano MT-501<br class=\"html-br\" \/>Ruedas: Tryp Fast Ace CL Boost.<br class=\"html-br\" \/>Amortiguador: Fox Performance Elite Float Dps Remote Lockout.<br class=\"html-br\" \/>Sill\u00edn: San Marco Shortfit Supercomfort Dynamic Wide.<br class=\"html-br\" \/><br class=\"html-br\" \/>Financiamos a 24 meses sin intereses<br class=\"html-br\" \/>Hacemos env\u00edos<br class=\"html-br\" \/>M\u00e1s info a bicistorevlc@gmail.com<img decoding=\"async\" loading=\"lazy\" class=\"size-medium wp-image-6228 aligncenter\" src=\"http:\/\/bicistorevalencia.es\/tienda\/wp-content\/uploads\/2025\/07\/495371557_1092320552917357_1545715619647459103_n-300x169.jpg\" alt=\"\" width=\"300\" height=\"169\" srcset=\"https:\/\/bicistorevalencia.es\/tienda\/wp-content\/uploads\/2025\/07\/495371557_1092320552917357_1545715619647459103_n-300x169.jpg 300w, https:\/\/bicistorevalencia.es\/tienda\/wp-content\/uploads\/2025\/07\/495371557_1092320552917357_1545715619647459103_n-1024x576.jpg 1024w, https:\/\/bicistorevalencia.es\/tienda\/wp-content\/uploads\/2025\/07\/495371557_1092320552917357_1545715619647459103_n-768x432.jpg 768w, https:\/\/bicistorevalencia.es\/tienda\/wp-content\/uploads\/2025\/07\/495371557_1092320552917357_1545715619647459103_n-1536x864.jpg 1536w, https:\/\/bicistorevalencia.es\/tienda\/wp-content\/uploads\/2025\/07\/495371557_1092320552917357_1545715619647459103_n-416x234.jpg 416w, https:\/\/bicistorevalencia.es\/tienda\/wp-content\/uploads\/2025\/07\/495371557_1092320552917357_1545715619647459103_n.jpg 1600w\" sizes=\"(max-width: 300px) 100vw, 300px\" \/><\/p>\n","protected":false},"excerpt":{"rendered":"<p>LIQUIDACI\u00d3N MMR KENTA 30 2024TALLAS M y LPrecio&#8230;.2190\u20acHorquilla: Fox Rhythm 100mm. RemoteGrupo: Sram Gx 12vFrenos: Shimano MT-501Ruedas: Tryp Fast Ace CL Boost.Amortiguador: Fox Performance Elite Float Dps Remote Lockout.Sill\u00edn: San Marco Shortfit Supercomfort Dynamic Wide.Financiamos a 24 meses sin interesesHacemos env\u00edosM\u00e1s info a bicistorevlc@gmail.com<\/p>\n","protected":false},"featured_media":6230,"comment_status":"closed","ping_status":"closed","template":"","meta":[],"yoast_head":"<!-- This site is optimized with the Yoast SEO plugin v21.5 - https:\/\/yoast.com\/wordpress\/plugins\/seo\/ -->\n<title>LIQUIDACI\u00d3N MMR KENTA 30 2024 - Bicistore Valencia<\/title>\n<meta name=\"robots\" content=\"index, follow, max-snippet:-1, max-image-preview:large, max-video-preview:-1\" \/>\n<link rel=\"canonical\" href=\"http:\/\/bicistorevalencia.es\/tienda\/producto\/liquidacion-mmr-kenta-30-2024-2\/\" \/>\n<meta property=\"og:locale\" content=\"es_ES\" \/>\n<meta property=\"og:type\" content=\"article\" \/>\n<meta property=\"og:title\" content=\"LIQUIDACI\u00d3N MMR KENTA 30 2024 - Bicistore Valencia\" \/>\n<meta property=\"og:description\" content=\"LIQUIDACI\u00d3N MMR KENTA 30 2024TALLAS M y LPrecio&#8230;.2190\u20acHorquilla: Fox Rhythm 100mm. RemoteGrupo: Sram Gx 12vFrenos: Shimano MT-501Ruedas: Tryp Fast Ace CL Boost.Amortiguador: Fox Performance Elite Float Dps Remote Lockout.Sill\u00edn: San Marco Shortfit Supercomfort Dynamic Wide.Financiamos a 24 meses sin interesesHacemos env\u00edosM\u00e1s info a bicistorevlc@gmail.com\" \/>\n<meta property=\"og:url\" content=\"http:\/\/bicistorevalencia.es\/tienda\/producto\/liquidacion-mmr-kenta-30-2024-2\/\" \/>\n<meta property=\"og:site_name\" content=\"Bicistore Valencia\" \/>\n<meta property=\"article:modified_time\" content=\"2025-07-15T15:15:06+00:00\" \/>\n<meta property=\"og:image\" content=\"http:\/\/bicistorevalencia.es\/tienda\/wp-content\/uploads\/2025\/07\/495371557_1092320552917357_1545715619647459103_n-2.jpg\" \/>\n\t<meta property=\"og:image:width\" content=\"1600\" \/>\n\t<meta property=\"og:image:height\" content=\"900\" \/>\n\t<meta property=\"og:image:type\" content=\"image\/jpeg\" \/>\n<meta name=\"twitter:card\" content=\"summary_large_image\" \/>\n<meta name=\"twitter:label1\" content=\"Tiempo de lectura\" \/>\n\t<meta name=\"twitter:data1\" content=\"1 minuto\" \/>\n<script type=\"application\/ld+json\" class=\"yoast-schema-graph\">{\"@context\":\"https:\/\/schema.org\",\"@graph\":[{\"@type\":\"WebPage\",\"@id\":\"http:\/\/bicistorevalencia.es\/tienda\/producto\/liquidacion-mmr-kenta-30-2024-2\/\",\"url\":\"http:\/\/bicistorevalencia.es\/tienda\/producto\/liquidacion-mmr-kenta-30-2024-2\/\",\"name\":\"LIQUIDACI\u00d3N MMR KENTA 30 2024 - Bicistore Valencia\",\"isPartOf\":{\"@id\":\"http:\/\/bicistorevalencia.es\/tienda\/#website\"},\"datePublished\":\"2025-07-15T15:15:03+00:00\",\"dateModified\":\"2025-07-15T15:15:06+00:00\",\"breadcrumb\":{\"@id\":\"http:\/\/bicistorevalencia.es\/tienda\/producto\/liquidacion-mmr-kenta-30-2024-2\/#breadcrumb\"},\"inLanguage\":\"es\",\"potentialAction\":[{\"@type\":\"ReadAction\",\"target\":[\"http:\/\/bicistorevalencia.es\/tienda\/producto\/liquidacion-mmr-kenta-30-2024-2\/\"]}]},{\"@type\":\"BreadcrumbList\",\"@id\":\"http:\/\/bicistorevalencia.es\/tienda\/producto\/liquidacion-mmr-kenta-30-2024-2\/#breadcrumb\",\"itemListElement\":[{\"@type\":\"ListItem\",\"position\":1,\"name\":\"Portada\",\"item\":\"http:\/\/bicistorevalencia.es\/tienda\/\"},{\"@type\":\"ListItem\",\"position\":2,\"name\":\"Tienda\",\"item\":\"http:\/\/bicistorevalencia.es\/tienda\/\"},{\"@type\":\"ListItem\",\"position\":3,\"name\":\"LIQUIDACI\u00d3N MMR KENTA 30 2024\"}]},{\"@type\":\"WebSite\",\"@id\":\"http:\/\/bicistorevalencia.es\/tienda\/#website\",\"url\":\"http:\/\/bicistorevalencia.es\/tienda\/\",\"name\":\"Bicistore Valencia\",\"description\":\"Venta y reparaci\u00f3n de bicicletas\",\"publisher\":{\"@id\":\"http:\/\/bicistorevalencia.es\/tienda\/#\/schema\/person\/0ca6be05438ac7066ee511ba68356c2f\"},\"potentialAction\":[{\"@type\":\"SearchAction\",\"target\":{\"@type\":\"EntryPoint\",\"urlTemplate\":\"http:\/\/bicistorevalencia.es\/tienda\/?s={search_term_string}\"},\"query-input\":\"required name=search_term_string\"}],\"inLanguage\":\"es\"},{\"@type\":[\"Person\",\"Organization\"],\"@id\":\"http:\/\/bicistorevalencia.es\/tienda\/#\/schema\/person\/0ca6be05438ac7066ee511ba68356c2f\",\"name\":\"bicistorevalencia\",\"image\":{\"@type\":\"ImageObject\",\"inLanguage\":\"es\",\"@id\":\"http:\/\/bicistorevalencia.es\/tienda\/#\/schema\/person\/image\/\",\"url\":\"https:\/\/bicistorevalencia.es\/tienda\/wp-content\/uploads\/2016\/07\/cropped-Logo_bicistore_valencia-512.png\",\"contentUrl\":\"https:\/\/bicistorevalencia.es\/tienda\/wp-content\/uploads\/2016\/07\/cropped-Logo_bicistore_valencia-512.png\",\"width\":200,\"height\":110,\"caption\":\"bicistorevalencia\"},\"logo\":{\"@id\":\"http:\/\/bicistorevalencia.es\/tienda\/#\/schema\/person\/image\/\"}}]}<\/script>\n<!-- \/ Yoast SEO plugin. -->","yoast_head_json":{"title":"LIQUIDACI\u00d3N MMR KENTA 30 2024 - Bicistore Valencia","robots":{"index":"index","follow":"follow","max-snippet":"max-snippet:-1","max-image-preview":"max-image-preview:large","max-video-preview":"max-video-preview:-1"},"canonical":"http:\/\/bicistorevalencia.es\/tienda\/producto\/liquidacion-mmr-kenta-30-2024-2\/","og_locale":"es_ES","og_type":"article","og_title":"LIQUIDACI\u00d3N MMR KENTA 30 2024 - Bicistore Valencia","og_description":"LIQUIDACI\u00d3N MMR KENTA 30 2024TALLAS M y LPrecio&#8230;.2190\u20acHorquilla: Fox Rhythm 100mm. RemoteGrupo: Sram Gx 12vFrenos: Shimano MT-501Ruedas: Tryp Fast Ace CL Boost.Amortiguador: Fox Performance Elite Float Dps Remote Lockout.Sill\u00edn: San Marco Shortfit Supercomfort Dynamic Wide.Financiamos a 24 meses sin interesesHacemos env\u00edosM\u00e1s info a bicistorevlc@gmail.com","og_url":"http:\/\/bicistorevalencia.es\/tienda\/producto\/liquidacion-mmr-kenta-30-2024-2\/","og_site_name":"Bicistore Valencia","article_modified_time":"2025-07-15T15:15:06+00:00","og_image":[{"width":1600,"height":900,"url":"http:\/\/bicistorevalencia.es\/tienda\/wp-content\/uploads\/2025\/07\/495371557_1092320552917357_1545715619647459103_n-2.jpg","type":"image\/jpeg"}],"twitter_card":"summary_large_image","twitter_misc":{"Tiempo de lectura":"1 minuto"},"schema":{"@context":"https:\/\/schema.org","@graph":[{"@type":"WebPage","@id":"http:\/\/bicistorevalencia.es\/tienda\/producto\/liquidacion-mmr-kenta-30-2024-2\/","url":"http:\/\/bicistorevalencia.es\/tienda\/producto\/liquidacion-mmr-kenta-30-2024-2\/","name":"LIQUIDACI\u00d3N MMR KENTA 30 2024 - Bicistore Valencia","isPartOf":{"@id":"http:\/\/bicistorevalencia.es\/tienda\/#website"},"datePublished":"2025-07-15T15:15:03+00:00","dateModified":"2025-07-15T15:15:06+00:00","breadcrumb":{"@id":"http:\/\/bicistorevalencia.es\/tienda\/producto\/liquidacion-mmr-kenta-30-2024-2\/#breadcrumb"},"inLanguage":"es","potentialAction":[{"@type":"ReadAction","target":["http:\/\/bicistorevalencia.es\/tienda\/producto\/liquidacion-mmr-kenta-30-2024-2\/"]}]},{"@type":"BreadcrumbList","@id":"http:\/\/bicistorevalencia.es\/tienda\/producto\/liquidacion-mmr-kenta-30-2024-2\/#breadcrumb","itemListElement":[{"@type":"ListItem","position":1,"name":"Portada","item":"http:\/\/bicistorevalencia.es\/tienda\/"},{"@type":"ListItem","position":2,"name":"Tienda","item":"http:\/\/bicistorevalencia.es\/tienda\/"},{"@type":"ListItem","position":3,"name":"LIQUIDACI\u00d3N MMR KENTA 30 2024"}]},{"@type":"WebSite","@id":"http:\/\/bicistorevalencia.es\/tienda\/#website","url":"http:\/\/bicistorevalencia.es\/tienda\/","name":"Bicistore Valencia","description":"Venta y reparaci\u00f3n de bicicletas","publisher":{"@id":"http:\/\/bicistorevalencia.es\/tienda\/#\/schema\/person\/0ca6be05438ac7066ee511ba68356c2f"},"potentialAction":[{"@type":"SearchAction","target":{"@type":"EntryPoint","urlTemplate":"http:\/\/bicistorevalencia.es\/tienda\/?s={search_term_string}"},"query-input":"required name=search_term_string"}],"inLanguage":"es"},{"@type":["Person","Organization"],"@id":"http:\/\/bicistorevalencia.es\/tienda\/#\/schema\/person\/0ca6be05438ac7066ee511ba68356c2f","name":"bicistorevalencia","image":{"@type":"ImageObject","inLanguage":"es","@id":"http:\/\/bicistorevalencia.es\/tienda\/#\/schema\/person\/image\/","url":"https:\/\/bicistorevalencia.es\/tienda\/wp-content\/uploads\/2016\/07\/cropped-Logo_bicistore_valencia-512.png","contentUrl":"https:\/\/bicistorevalencia.es\/tienda\/wp-content\/uploads\/2016\/07\/cropped-Logo_bicistore_valencia-512.png","width":200,"height":110,"caption":"bicistorevalencia"},"logo":{"@id":"http:\/\/bicistorevalencia.es\/tienda\/#\/schema\/person\/image\/"}}]}},"_links":{"self":[{"href":"https:\/\/bicistorevalencia.es\/tienda\/wp-json\/wp\/v2\/product\/6227"}],"collection":[{"href":"https:\/\/bicistorevalencia.es\/tienda\/wp-json\/wp\/v2\/product"}],"about":[{"href":"https:\/\/bicistorevalencia.es\/tienda\/wp-json\/wp\/v2\/types\/product"}],"replies":[{"embeddable":true,"href":"https:\/\/bicistorevalencia.es\/tienda\/wp-json\/wp\/v2\/comments?post=6227"}],"wp:featuredmedia":[{"embeddable":true,"href":"https:\/\/bicistorevalencia.es\/tienda\/wp-json\/wp\/v2\/media\/6230"}],"wp:attachment":[{"href":"https:\/\/bicistorevalencia.es\/tienda\/wp-json\/wp\/v2\/media?parent=6227"}],"curies":[{"name":"wp","href":"https:\/\/api.w.org\/{rel}","templated":true}]}}