{"id":6427,"date":"2026-01-07T10:29:49","date_gmt":"2026-01-07T10:29:49","guid":{"rendered":"http:\/\/bicistorevalencia.es\/tienda\/?post_type=product&#038;p=6427"},"modified":"2026-01-07T10:29:52","modified_gmt":"2026-01-07T10:29:52","slug":"giant-tcr-advanced-0-pc-alpine-green-2026","status":"publish","type":"product","link":"https:\/\/bicistorevalencia.es\/tienda\/producto\/giant-tcr-advanced-0-pc-alpine-green-2026\/","title":{"rendered":"GIANT TCR Advanced 0-PC Alpine Green 2026"},"content":{"rendered":"<h3 class=\"azul\">GIANT TCR Advanced 0-PC Alpine Green 2026<\/h3>\n<p>&nbsp;<\/p>\n<p style=\"text-align: left;\">\u2022\u00a0<strong>Cuadro y horquilla:<\/strong>\u00a0Advanced-grade Composite, ligero, r\u00edgido y con direcci\u00f3n OverDrive para precisi\u00f3n total.<br \/>\n\u2022\u00a0<strong>Grupo:<\/strong>\u00a0Shimano 105 Di2 12v, transmisi\u00f3n electr\u00f3nica fiable y r\u00e1pida.<br \/>\n\u2022\u00a0<strong>Frenos:<\/strong>\u00a0Shimano 105 hidr\u00e1ulicos con discos RT-CL700.<br \/>\n\u2022\u00a0<strong>Ruedas:<\/strong>\u00a0Giant SLR 2 40 Carbon, tubeless ready.<br \/>\n\u2022\u00a0<strong>Cubiertas:<\/strong>\u00a0Giant Gavia Course 0 tubeless 700x28c (hasta 33mm).<br \/>\n\u2022\u00a0<strong>Tija Variant:<\/strong>\u00a0absorci\u00f3n de impactos y comodidad en largas rutas.<br \/>\n\u2022\u00a0<strong>Color:<\/strong>\u00a0Alpine Green, un acabado elegante y natural que destaca en carretera. \ud83c\udf3f<\/p>\n<p>Precio&#8230;3290\u20ac<\/p>\n<p>MAS INFO EN BICISTOREVLC@GMAIL.COM<\/p>\n<p>BICISTORE FINANCIA 36 MESES SIN INTERESES<\/p>\n<p style=\"text-align: left;\"><img decoding=\"async\" loading=\"lazy\" class=\"size-medium wp-image-6428 aligncenter\" src=\"http:\/\/bicistorevalencia.es\/tienda\/wp-content\/uploads\/2026\/01\/WhatsApp-Image-2026-01-07-at-11.22.01-300x169.jpeg\" alt=\"\" width=\"300\" height=\"169\" srcset=\"https:\/\/bicistorevalencia.es\/tienda\/wp-content\/uploads\/2026\/01\/WhatsApp-Image-2026-01-07-at-11.22.01-300x169.jpeg 300w, https:\/\/bicistorevalencia.es\/tienda\/wp-content\/uploads\/2026\/01\/WhatsApp-Image-2026-01-07-at-11.22.01-1024x576.jpeg 1024w, https:\/\/bicistorevalencia.es\/tienda\/wp-content\/uploads\/2026\/01\/WhatsApp-Image-2026-01-07-at-11.22.01-768x432.jpeg 768w, https:\/\/bicistorevalencia.es\/tienda\/wp-content\/uploads\/2026\/01\/WhatsApp-Image-2026-01-07-at-11.22.01-1536x864.jpeg 1536w, https:\/\/bicistorevalencia.es\/tienda\/wp-content\/uploads\/2026\/01\/WhatsApp-Image-2026-01-07-at-11.22.01-416x234.jpeg 416w, https:\/\/bicistorevalencia.es\/tienda\/wp-content\/uploads\/2026\/01\/WhatsApp-Image-2026-01-07-at-11.22.01.jpeg 1600w\" sizes=\"(max-width: 300px) 100vw, 300px\" \/><\/p>\n","protected":false},"excerpt":{"rendered":"<p>GIANT TCR Advanced 0-PC Alpine Green 2026 &nbsp; \u2022\u00a0Cuadro y horquilla:\u00a0Advanced-grade Composite, ligero, r\u00edgido y con direcci\u00f3n OverDrive para precisi\u00f3n total. \u2022\u00a0Grupo:\u00a0Shimano 105 Di2 12v, transmisi\u00f3n electr\u00f3nica fiable y r\u00e1pida. \u2022\u00a0Frenos:\u00a0Shimano 105 hidr\u00e1ulicos con discos RT-CL700. \u2022\u00a0Ruedas:\u00a0Giant SLR 2 40 Carbon, tubeless ready. \u2022\u00a0Cubiertas:\u00a0Giant Gavia Course 0 tubeless 700x28c (hasta 33mm). \u2022\u00a0Tija Variant:\u00a0absorci\u00f3n de impactos [&hellip;]<\/p>\n","protected":false},"featured_media":6430,"comment_status":"closed","ping_status":"closed","template":"","meta":[],"yoast_head":"<!-- This site is optimized with the Yoast SEO plugin v21.5 - https:\/\/yoast.com\/wordpress\/plugins\/seo\/ -->\n<title>GIANT TCR Advanced 0-PC Alpine Green 2026 - Bicistore Valencia<\/title>\n<meta name=\"robots\" content=\"index, follow, max-snippet:-1, max-image-preview:large, max-video-preview:-1\" \/>\n<link rel=\"canonical\" href=\"https:\/\/bicistorevalencia.es\/tienda\/producto\/giant-tcr-advanced-0-pc-alpine-green-2026\/\" \/>\n<meta property=\"og:locale\" content=\"es_ES\" \/>\n<meta property=\"og:type\" content=\"article\" \/>\n<meta property=\"og:title\" content=\"GIANT TCR Advanced 0-PC Alpine Green 2026 - Bicistore Valencia\" \/>\n<meta property=\"og:description\" content=\"GIANT TCR Advanced 0-PC Alpine Green 2026 &nbsp; \u2022\u00a0Cuadro y horquilla:\u00a0Advanced-grade Composite, ligero, r\u00edgido y con direcci\u00f3n OverDrive para precisi\u00f3n total. \u2022\u00a0Grupo:\u00a0Shimano 105 Di2 12v, transmisi\u00f3n electr\u00f3nica fiable y r\u00e1pida. \u2022\u00a0Frenos:\u00a0Shimano 105 hidr\u00e1ulicos con discos RT-CL700. \u2022\u00a0Ruedas:\u00a0Giant SLR 2 40 Carbon, tubeless ready. \u2022\u00a0Cubiertas:\u00a0Giant Gavia Course 0 tubeless 700x28c (hasta 33mm). \u2022\u00a0Tija Variant:\u00a0absorci\u00f3n de impactos [&hellip;]\" \/>\n<meta property=\"og:url\" content=\"https:\/\/bicistorevalencia.es\/tienda\/producto\/giant-tcr-advanced-0-pc-alpine-green-2026\/\" \/>\n<meta property=\"og:site_name\" content=\"Bicistore Valencia\" \/>\n<meta property=\"article:modified_time\" content=\"2026-01-07T10:29:52+00:00\" \/>\n<meta property=\"og:image\" content=\"https:\/\/bicistorevalencia.es\/tienda\/wp-content\/uploads\/2026\/01\/WhatsApp-Image-2026-01-07-at-11.22.01-2.jpeg\" \/>\n\t<meta property=\"og:image:width\" content=\"1600\" \/>\n\t<meta property=\"og:image:height\" content=\"900\" \/>\n\t<meta property=\"og:image:type\" content=\"image\/jpeg\" \/>\n<meta name=\"twitter:card\" content=\"summary_large_image\" \/>\n<meta name=\"twitter:label1\" content=\"Tiempo de lectura\" \/>\n\t<meta name=\"twitter:data1\" content=\"1 minuto\" \/>\n<script type=\"application\/ld+json\" class=\"yoast-schema-graph\">{\"@context\":\"https:\/\/schema.org\",\"@graph\":[{\"@type\":\"WebPage\",\"@id\":\"https:\/\/bicistorevalencia.es\/tienda\/producto\/giant-tcr-advanced-0-pc-alpine-green-2026\/\",\"url\":\"https:\/\/bicistorevalencia.es\/tienda\/producto\/giant-tcr-advanced-0-pc-alpine-green-2026\/\",\"name\":\"GIANT TCR Advanced 0-PC Alpine Green 2026 - Bicistore Valencia\",\"isPartOf\":{\"@id\":\"https:\/\/bicistorevalencia.es\/tienda\/#website\"},\"datePublished\":\"2026-01-07T10:29:49+00:00\",\"dateModified\":\"2026-01-07T10:29:52+00:00\",\"breadcrumb\":{\"@id\":\"https:\/\/bicistorevalencia.es\/tienda\/producto\/giant-tcr-advanced-0-pc-alpine-green-2026\/#breadcrumb\"},\"inLanguage\":\"es\",\"potentialAction\":[{\"@type\":\"ReadAction\",\"target\":[\"https:\/\/bicistorevalencia.es\/tienda\/producto\/giant-tcr-advanced-0-pc-alpine-green-2026\/\"]}]},{\"@type\":\"BreadcrumbList\",\"@id\":\"https:\/\/bicistorevalencia.es\/tienda\/producto\/giant-tcr-advanced-0-pc-alpine-green-2026\/#breadcrumb\",\"itemListElement\":[{\"@type\":\"ListItem\",\"position\":1,\"name\":\"Portada\",\"item\":\"https:\/\/bicistorevalencia.es\/tienda\/\"},{\"@type\":\"ListItem\",\"position\":2,\"name\":\"Tienda\",\"item\":\"https:\/\/bicistorevalencia.es\/tienda\/\"},{\"@type\":\"ListItem\",\"position\":3,\"name\":\"GIANT TCR Advanced 0-PC Alpine Green 2026\"}]},{\"@type\":\"WebSite\",\"@id\":\"https:\/\/bicistorevalencia.es\/tienda\/#website\",\"url\":\"https:\/\/bicistorevalencia.es\/tienda\/\",\"name\":\"Bicistore Valencia\",\"description\":\"Venta y reparaci\u00f3n de bicicletas\",\"publisher\":{\"@id\":\"https:\/\/bicistorevalencia.es\/tienda\/#\/schema\/person\/0ca6be05438ac7066ee511ba68356c2f\"},\"potentialAction\":[{\"@type\":\"SearchAction\",\"target\":{\"@type\":\"EntryPoint\",\"urlTemplate\":\"https:\/\/bicistorevalencia.es\/tienda\/?s={search_term_string}\"},\"query-input\":\"required name=search_term_string\"}],\"inLanguage\":\"es\"},{\"@type\":[\"Person\",\"Organization\"],\"@id\":\"https:\/\/bicistorevalencia.es\/tienda\/#\/schema\/person\/0ca6be05438ac7066ee511ba68356c2f\",\"name\":\"bicistorevalencia\",\"image\":{\"@type\":\"ImageObject\",\"inLanguage\":\"es\",\"@id\":\"https:\/\/bicistorevalencia.es\/tienda\/#\/schema\/person\/image\/\",\"url\":\"https:\/\/bicistorevalencia.es\/tienda\/wp-content\/uploads\/2016\/07\/cropped-Logo_bicistore_valencia-512.png\",\"contentUrl\":\"https:\/\/bicistorevalencia.es\/tienda\/wp-content\/uploads\/2016\/07\/cropped-Logo_bicistore_valencia-512.png\",\"width\":200,\"height\":110,\"caption\":\"bicistorevalencia\"},\"logo\":{\"@id\":\"https:\/\/bicistorevalencia.es\/tienda\/#\/schema\/person\/image\/\"}}]}<\/script>\n<!-- \/ Yoast SEO plugin. -->","yoast_head_json":{"title":"GIANT TCR Advanced 0-PC Alpine Green 2026 - Bicistore Valencia","robots":{"index":"index","follow":"follow","max-snippet":"max-snippet:-1","max-image-preview":"max-image-preview:large","max-video-preview":"max-video-preview:-1"},"canonical":"https:\/\/bicistorevalencia.es\/tienda\/producto\/giant-tcr-advanced-0-pc-alpine-green-2026\/","og_locale":"es_ES","og_type":"article","og_title":"GIANT TCR Advanced 0-PC Alpine Green 2026 - Bicistore Valencia","og_description":"GIANT TCR Advanced 0-PC Alpine Green 2026 &nbsp; \u2022\u00a0Cuadro y horquilla:\u00a0Advanced-grade Composite, ligero, r\u00edgido y con direcci\u00f3n OverDrive para precisi\u00f3n total. \u2022\u00a0Grupo:\u00a0Shimano 105 Di2 12v, transmisi\u00f3n electr\u00f3nica fiable y r\u00e1pida. \u2022\u00a0Frenos:\u00a0Shimano 105 hidr\u00e1ulicos con discos RT-CL700. \u2022\u00a0Ruedas:\u00a0Giant SLR 2 40 Carbon, tubeless ready. \u2022\u00a0Cubiertas:\u00a0Giant Gavia Course 0 tubeless 700x28c (hasta 33mm). \u2022\u00a0Tija Variant:\u00a0absorci\u00f3n de impactos [&hellip;]","og_url":"https:\/\/bicistorevalencia.es\/tienda\/producto\/giant-tcr-advanced-0-pc-alpine-green-2026\/","og_site_name":"Bicistore Valencia","article_modified_time":"2026-01-07T10:29:52+00:00","og_image":[{"width":1600,"height":900,"url":"https:\/\/bicistorevalencia.es\/tienda\/wp-content\/uploads\/2026\/01\/WhatsApp-Image-2026-01-07-at-11.22.01-2.jpeg","type":"image\/jpeg"}],"twitter_card":"summary_large_image","twitter_misc":{"Tiempo de lectura":"1 minuto"},"schema":{"@context":"https:\/\/schema.org","@graph":[{"@type":"WebPage","@id":"https:\/\/bicistorevalencia.es\/tienda\/producto\/giant-tcr-advanced-0-pc-alpine-green-2026\/","url":"https:\/\/bicistorevalencia.es\/tienda\/producto\/giant-tcr-advanced-0-pc-alpine-green-2026\/","name":"GIANT TCR Advanced 0-PC Alpine Green 2026 - Bicistore Valencia","isPartOf":{"@id":"https:\/\/bicistorevalencia.es\/tienda\/#website"},"datePublished":"2026-01-07T10:29:49+00:00","dateModified":"2026-01-07T10:29:52+00:00","breadcrumb":{"@id":"https:\/\/bicistorevalencia.es\/tienda\/producto\/giant-tcr-advanced-0-pc-alpine-green-2026\/#breadcrumb"},"inLanguage":"es","potentialAction":[{"@type":"ReadAction","target":["https:\/\/bicistorevalencia.es\/tienda\/producto\/giant-tcr-advanced-0-pc-alpine-green-2026\/"]}]},{"@type":"BreadcrumbList","@id":"https:\/\/bicistorevalencia.es\/tienda\/producto\/giant-tcr-advanced-0-pc-alpine-green-2026\/#breadcrumb","itemListElement":[{"@type":"ListItem","position":1,"name":"Portada","item":"https:\/\/bicistorevalencia.es\/tienda\/"},{"@type":"ListItem","position":2,"name":"Tienda","item":"https:\/\/bicistorevalencia.es\/tienda\/"},{"@type":"ListItem","position":3,"name":"GIANT TCR Advanced 0-PC Alpine Green 2026"}]},{"@type":"WebSite","@id":"https:\/\/bicistorevalencia.es\/tienda\/#website","url":"https:\/\/bicistorevalencia.es\/tienda\/","name":"Bicistore Valencia","description":"Venta y reparaci\u00f3n de bicicletas","publisher":{"@id":"https:\/\/bicistorevalencia.es\/tienda\/#\/schema\/person\/0ca6be05438ac7066ee511ba68356c2f"},"potentialAction":[{"@type":"SearchAction","target":{"@type":"EntryPoint","urlTemplate":"https:\/\/bicistorevalencia.es\/tienda\/?s={search_term_string}"},"query-input":"required name=search_term_string"}],"inLanguage":"es"},{"@type":["Person","Organization"],"@id":"https:\/\/bicistorevalencia.es\/tienda\/#\/schema\/person\/0ca6be05438ac7066ee511ba68356c2f","name":"bicistorevalencia","image":{"@type":"ImageObject","inLanguage":"es","@id":"https:\/\/bicistorevalencia.es\/tienda\/#\/schema\/person\/image\/","url":"https:\/\/bicistorevalencia.es\/tienda\/wp-content\/uploads\/2016\/07\/cropped-Logo_bicistore_valencia-512.png","contentUrl":"https:\/\/bicistorevalencia.es\/tienda\/wp-content\/uploads\/2016\/07\/cropped-Logo_bicistore_valencia-512.png","width":200,"height":110,"caption":"bicistorevalencia"},"logo":{"@id":"https:\/\/bicistorevalencia.es\/tienda\/#\/schema\/person\/image\/"}}]}},"_links":{"self":[{"href":"https:\/\/bicistorevalencia.es\/tienda\/wp-json\/wp\/v2\/product\/6427"}],"collection":[{"href":"https:\/\/bicistorevalencia.es\/tienda\/wp-json\/wp\/v2\/product"}],"about":[{"href":"https:\/\/bicistorevalencia.es\/tienda\/wp-json\/wp\/v2\/types\/product"}],"replies":[{"embeddable":true,"href":"https:\/\/bicistorevalencia.es\/tienda\/wp-json\/wp\/v2\/comments?post=6427"}],"wp:featuredmedia":[{"embeddable":true,"href":"https:\/\/bicistorevalencia.es\/tienda\/wp-json\/wp\/v2\/media\/6430"}],"wp:attachment":[{"href":"https:\/\/bicistorevalencia.es\/tienda\/wp-json\/wp\/v2\/media?parent=6427"}],"curies":[{"name":"wp","href":"https:\/\/api.w.org\/{rel}","templated":true}]}}