{"id":6490,"date":"2026-02-25T18:23:26","date_gmt":"2026-02-25T18:23:26","guid":{"rendered":"http:\/\/bicistorevalencia.es\/tienda\/?post_type=product&#038;p=6490"},"modified":"2026-02-26T13:51:22","modified_gmt":"2026-02-26T13:51:22","slug":"bicicleta-de-montana-berria-mako-a-la-carta","status":"publish","type":"product","link":"https:\/\/bicistorevalencia.es\/tienda\/producto\/bicicleta-de-montana-berria-mako-a-la-carta\/","title":{"rendered":"Bicicleta de monta\u00f1a BERRIA MAKO. a LA CARTA"},"content":{"rendered":"<p>Bicicleta de monta\u00f1a BERRIA MAKO. a LA CARTA<\/p>\n<p>Talla s &#8211; Cuadro de carbono.<\/p>\n<p>&#8211; Suspensi\u00f3n delantera RockShox JUDY 1490\u20ac<\/p>\n<p>&#8211; Transmisi\u00f3n Shimano DEORE &#8211; Frenos de disco hidr\u00e1ulicos MT400<\/p>\n<p>&#8211; Ruedas Vittoria Barzo.<\/p>\n<p>-Ruedas de aluminio con rock shox sid o fox rtyhm 32 100&#8212;-1990\u20ac<\/p>\n<p>mas info a bicistorevlc@gmail.com<\/p>\n<p>financiamos a 36 meses sin intereses<\/p>\n<p>&nbsp;<\/p>\n<figure id=\"attachment_6491\" aria-describedby=\"caption-attachment-6491\" style=\"width: 300px\" class=\"wp-caption alignnone\"><img decoding=\"async\" loading=\"lazy\" class=\"size-medium wp-image-6491\" src=\"http:\/\/bicistorevalencia.es\/tienda\/wp-content\/uploads\/2026\/02\/IMG_8699-300x185.jpeg\" alt=\"\" width=\"300\" height=\"185\" srcset=\"https:\/\/bicistorevalencia.es\/tienda\/wp-content\/uploads\/2026\/02\/IMG_8699-300x185.jpeg 300w, https:\/\/bicistorevalencia.es\/tienda\/wp-content\/uploads\/2026\/02\/IMG_8699-1024x632.jpeg 1024w, https:\/\/bicistorevalencia.es\/tienda\/wp-content\/uploads\/2026\/02\/IMG_8699-768x474.jpeg 768w, https:\/\/bicistorevalencia.es\/tienda\/wp-content\/uploads\/2026\/02\/IMG_8699-416x257.jpeg 416w, https:\/\/bicistorevalencia.es\/tienda\/wp-content\/uploads\/2026\/02\/IMG_8699.jpeg 1125w\" sizes=\"(max-width: 300px) 100vw, 300px\" \/><figcaption id=\"caption-attachment-6491\" class=\"wp-caption-text\">Screenshot<\/figcaption><\/figure>\n","protected":false},"excerpt":{"rendered":"<p>Bicicleta de monta\u00f1a BERRIA MAKO. a LA CARTA Talla s &#8211; Cuadro de carbono. &#8211; Suspensi\u00f3n delantera RockShox JUDY 1490\u20ac &#8211; Transmisi\u00f3n Shimano DEORE &#8211; Frenos de disco hidr\u00e1ulicos MT400 &#8211; Ruedas Vittoria Barzo. -Ruedas de aluminio con rock shox sid o fox rtyhm 32 100&#8212;-1990\u20ac mas info a bicistorevlc@gmail.com financiamos a 36 meses sin [&hellip;]<\/p>\n","protected":false},"featured_media":6491,"comment_status":"closed","ping_status":"closed","template":"","meta":[],"yoast_head":"<!-- This site is optimized with the Yoast SEO plugin v21.5 - https:\/\/yoast.com\/wordpress\/plugins\/seo\/ -->\n<title>Bicicleta de monta\u00f1a BERRIA MAKO. a LA CARTA - Bicistore Valencia<\/title>\n<meta name=\"robots\" content=\"index, follow, max-snippet:-1, max-image-preview:large, max-video-preview:-1\" \/>\n<link rel=\"canonical\" href=\"https:\/\/bicistorevalencia.es\/tienda\/producto\/bicicleta-de-montana-berria-mako-a-la-carta\/\" \/>\n<meta property=\"og:locale\" content=\"es_ES\" \/>\n<meta property=\"og:type\" content=\"article\" \/>\n<meta property=\"og:title\" content=\"Bicicleta de monta\u00f1a BERRIA MAKO. a LA CARTA - Bicistore Valencia\" \/>\n<meta property=\"og:description\" content=\"Bicicleta de monta\u00f1a BERRIA MAKO. a LA CARTA Talla s &#8211; Cuadro de carbono. &#8211; Suspensi\u00f3n delantera RockShox JUDY 1490\u20ac &#8211; Transmisi\u00f3n Shimano DEORE &#8211; Frenos de disco hidr\u00e1ulicos MT400 &#8211; Ruedas Vittoria Barzo. -Ruedas de aluminio con rock shox sid o fox rtyhm 32 100&#8212;-1990\u20ac mas info a bicistorevlc@gmail.com financiamos a 36 meses sin [&hellip;]\" \/>\n<meta property=\"og:url\" content=\"https:\/\/bicistorevalencia.es\/tienda\/producto\/bicicleta-de-montana-berria-mako-a-la-carta\/\" \/>\n<meta property=\"og:site_name\" content=\"Bicistore Valencia\" \/>\n<meta property=\"article:modified_time\" content=\"2026-02-26T13:51:22+00:00\" \/>\n<meta property=\"og:image\" content=\"https:\/\/bicistorevalencia.es\/tienda\/wp-content\/uploads\/2026\/02\/IMG_8699.jpeg\" \/>\n\t<meta property=\"og:image:width\" content=\"1125\" \/>\n\t<meta property=\"og:image:height\" content=\"694\" \/>\n\t<meta property=\"og:image:type\" content=\"image\/jpeg\" \/>\n<meta name=\"twitter:card\" content=\"summary_large_image\" \/>\n<meta name=\"twitter:label1\" content=\"Tiempo de lectura\" \/>\n\t<meta name=\"twitter:data1\" content=\"1 minuto\" \/>\n<script type=\"application\/ld+json\" class=\"yoast-schema-graph\">{\"@context\":\"https:\/\/schema.org\",\"@graph\":[{\"@type\":\"WebPage\",\"@id\":\"https:\/\/bicistorevalencia.es\/tienda\/producto\/bicicleta-de-montana-berria-mako-a-la-carta\/\",\"url\":\"https:\/\/bicistorevalencia.es\/tienda\/producto\/bicicleta-de-montana-berria-mako-a-la-carta\/\",\"name\":\"Bicicleta de monta\u00f1a BERRIA MAKO. a LA CARTA - Bicistore Valencia\",\"isPartOf\":{\"@id\":\"https:\/\/bicistorevalencia.es\/tienda\/#website\"},\"datePublished\":\"2026-02-25T18:23:26+00:00\",\"dateModified\":\"2026-02-26T13:51:22+00:00\",\"breadcrumb\":{\"@id\":\"https:\/\/bicistorevalencia.es\/tienda\/producto\/bicicleta-de-montana-berria-mako-a-la-carta\/#breadcrumb\"},\"inLanguage\":\"es\",\"potentialAction\":[{\"@type\":\"ReadAction\",\"target\":[\"https:\/\/bicistorevalencia.es\/tienda\/producto\/bicicleta-de-montana-berria-mako-a-la-carta\/\"]}]},{\"@type\":\"BreadcrumbList\",\"@id\":\"https:\/\/bicistorevalencia.es\/tienda\/producto\/bicicleta-de-montana-berria-mako-a-la-carta\/#breadcrumb\",\"itemListElement\":[{\"@type\":\"ListItem\",\"position\":1,\"name\":\"Portada\",\"item\":\"https:\/\/bicistorevalencia.es\/tienda\/\"},{\"@type\":\"ListItem\",\"position\":2,\"name\":\"Tienda\",\"item\":\"https:\/\/bicistorevalencia.es\/tienda\/\"},{\"@type\":\"ListItem\",\"position\":3,\"name\":\"Bicicleta de monta\u00f1a BERRIA MAKO. a LA CARTA\"}]},{\"@type\":\"WebSite\",\"@id\":\"https:\/\/bicistorevalencia.es\/tienda\/#website\",\"url\":\"https:\/\/bicistorevalencia.es\/tienda\/\",\"name\":\"Bicistore Valencia\",\"description\":\"Venta y reparaci\u00f3n de bicicletas\",\"publisher\":{\"@id\":\"https:\/\/bicistorevalencia.es\/tienda\/#\/schema\/person\/0ca6be05438ac7066ee511ba68356c2f\"},\"potentialAction\":[{\"@type\":\"SearchAction\",\"target\":{\"@type\":\"EntryPoint\",\"urlTemplate\":\"https:\/\/bicistorevalencia.es\/tienda\/?s={search_term_string}\"},\"query-input\":\"required name=search_term_string\"}],\"inLanguage\":\"es\"},{\"@type\":[\"Person\",\"Organization\"],\"@id\":\"https:\/\/bicistorevalencia.es\/tienda\/#\/schema\/person\/0ca6be05438ac7066ee511ba68356c2f\",\"name\":\"bicistorevalencia\",\"image\":{\"@type\":\"ImageObject\",\"inLanguage\":\"es\",\"@id\":\"https:\/\/bicistorevalencia.es\/tienda\/#\/schema\/person\/image\/\",\"url\":\"https:\/\/bicistorevalencia.es\/tienda\/wp-content\/uploads\/2016\/07\/cropped-Logo_bicistore_valencia-512.png\",\"contentUrl\":\"https:\/\/bicistorevalencia.es\/tienda\/wp-content\/uploads\/2016\/07\/cropped-Logo_bicistore_valencia-512.png\",\"width\":200,\"height\":110,\"caption\":\"bicistorevalencia\"},\"logo\":{\"@id\":\"https:\/\/bicistorevalencia.es\/tienda\/#\/schema\/person\/image\/\"}}]}<\/script>\n<!-- \/ Yoast SEO plugin. -->","yoast_head_json":{"title":"Bicicleta de monta\u00f1a BERRIA MAKO. a LA CARTA - Bicistore Valencia","robots":{"index":"index","follow":"follow","max-snippet":"max-snippet:-1","max-image-preview":"max-image-preview:large","max-video-preview":"max-video-preview:-1"},"canonical":"https:\/\/bicistorevalencia.es\/tienda\/producto\/bicicleta-de-montana-berria-mako-a-la-carta\/","og_locale":"es_ES","og_type":"article","og_title":"Bicicleta de monta\u00f1a BERRIA MAKO. a LA CARTA - Bicistore Valencia","og_description":"Bicicleta de monta\u00f1a BERRIA MAKO. a LA CARTA Talla s &#8211; Cuadro de carbono. &#8211; Suspensi\u00f3n delantera RockShox JUDY 1490\u20ac &#8211; Transmisi\u00f3n Shimano DEORE &#8211; Frenos de disco hidr\u00e1ulicos MT400 &#8211; Ruedas Vittoria Barzo. -Ruedas de aluminio con rock shox sid o fox rtyhm 32 100&#8212;-1990\u20ac mas info a bicistorevlc@gmail.com financiamos a 36 meses sin [&hellip;]","og_url":"https:\/\/bicistorevalencia.es\/tienda\/producto\/bicicleta-de-montana-berria-mako-a-la-carta\/","og_site_name":"Bicistore Valencia","article_modified_time":"2026-02-26T13:51:22+00:00","og_image":[{"width":1125,"height":694,"url":"https:\/\/bicistorevalencia.es\/tienda\/wp-content\/uploads\/2026\/02\/IMG_8699.jpeg","type":"image\/jpeg"}],"twitter_card":"summary_large_image","twitter_misc":{"Tiempo de lectura":"1 minuto"},"schema":{"@context":"https:\/\/schema.org","@graph":[{"@type":"WebPage","@id":"https:\/\/bicistorevalencia.es\/tienda\/producto\/bicicleta-de-montana-berria-mako-a-la-carta\/","url":"https:\/\/bicistorevalencia.es\/tienda\/producto\/bicicleta-de-montana-berria-mako-a-la-carta\/","name":"Bicicleta de monta\u00f1a BERRIA MAKO. a LA CARTA - Bicistore Valencia","isPartOf":{"@id":"https:\/\/bicistorevalencia.es\/tienda\/#website"},"datePublished":"2026-02-25T18:23:26+00:00","dateModified":"2026-02-26T13:51:22+00:00","breadcrumb":{"@id":"https:\/\/bicistorevalencia.es\/tienda\/producto\/bicicleta-de-montana-berria-mako-a-la-carta\/#breadcrumb"},"inLanguage":"es","potentialAction":[{"@type":"ReadAction","target":["https:\/\/bicistorevalencia.es\/tienda\/producto\/bicicleta-de-montana-berria-mako-a-la-carta\/"]}]},{"@type":"BreadcrumbList","@id":"https:\/\/bicistorevalencia.es\/tienda\/producto\/bicicleta-de-montana-berria-mako-a-la-carta\/#breadcrumb","itemListElement":[{"@type":"ListItem","position":1,"name":"Portada","item":"https:\/\/bicistorevalencia.es\/tienda\/"},{"@type":"ListItem","position":2,"name":"Tienda","item":"https:\/\/bicistorevalencia.es\/tienda\/"},{"@type":"ListItem","position":3,"name":"Bicicleta de monta\u00f1a BERRIA MAKO. a LA CARTA"}]},{"@type":"WebSite","@id":"https:\/\/bicistorevalencia.es\/tienda\/#website","url":"https:\/\/bicistorevalencia.es\/tienda\/","name":"Bicistore Valencia","description":"Venta y reparaci\u00f3n de bicicletas","publisher":{"@id":"https:\/\/bicistorevalencia.es\/tienda\/#\/schema\/person\/0ca6be05438ac7066ee511ba68356c2f"},"potentialAction":[{"@type":"SearchAction","target":{"@type":"EntryPoint","urlTemplate":"https:\/\/bicistorevalencia.es\/tienda\/?s={search_term_string}"},"query-input":"required name=search_term_string"}],"inLanguage":"es"},{"@type":["Person","Organization"],"@id":"https:\/\/bicistorevalencia.es\/tienda\/#\/schema\/person\/0ca6be05438ac7066ee511ba68356c2f","name":"bicistorevalencia","image":{"@type":"ImageObject","inLanguage":"es","@id":"https:\/\/bicistorevalencia.es\/tienda\/#\/schema\/person\/image\/","url":"https:\/\/bicistorevalencia.es\/tienda\/wp-content\/uploads\/2016\/07\/cropped-Logo_bicistore_valencia-512.png","contentUrl":"https:\/\/bicistorevalencia.es\/tienda\/wp-content\/uploads\/2016\/07\/cropped-Logo_bicistore_valencia-512.png","width":200,"height":110,"caption":"bicistorevalencia"},"logo":{"@id":"https:\/\/bicistorevalencia.es\/tienda\/#\/schema\/person\/image\/"}}]}},"_links":{"self":[{"href":"https:\/\/bicistorevalencia.es\/tienda\/wp-json\/wp\/v2\/product\/6490"}],"collection":[{"href":"https:\/\/bicistorevalencia.es\/tienda\/wp-json\/wp\/v2\/product"}],"about":[{"href":"https:\/\/bicistorevalencia.es\/tienda\/wp-json\/wp\/v2\/types\/product"}],"replies":[{"embeddable":true,"href":"https:\/\/bicistorevalencia.es\/tienda\/wp-json\/wp\/v2\/comments?post=6490"}],"wp:featuredmedia":[{"embeddable":true,"href":"https:\/\/bicistorevalencia.es\/tienda\/wp-json\/wp\/v2\/media\/6491"}],"wp:attachment":[{"href":"https:\/\/bicistorevalencia.es\/tienda\/wp-json\/wp\/v2\/media?parent=6490"}],"curies":[{"name":"wp","href":"https:\/\/api.w.org\/{rel}","templated":true}]}}