{"id":6564,"date":"2026-04-16T15:37:31","date_gmt":"2026-04-16T15:37:31","guid":{"rendered":"https:\/\/bicistorevalencia.es\/tienda\/?post_type=product&#038;p=6564"},"modified":"2026-04-17T14:25:43","modified_gmt":"2026-04-17T14:25:43","slug":"ofertoooonnn-bianchi-specialissima-comp","status":"publish","type":"product","link":"https:\/\/bicistorevalencia.es\/tienda\/producto\/ofertoooonnn-bianchi-specialissima-comp\/","title":{"rendered":"OFERTO\u00d3\u00d3\u00d3NNN BIANCHI SPECIALISSIMA COMP"},"content":{"rendered":"<div class=\"xdj266r x14z9mp xat24cr x1lziwak x1vvkbs x126k92a\">\n<div dir=\"auto\">OFERTO\u00d3\u00d3\u00d3NNN BIANCHI SPECIALISSIMA COMP<\/div>\n<div dir=\"auto\">Talla: 47,50,53,55,57,59<\/div>\n<div dir=\"auto\">VARIOS COLORES<\/div>\n<div dir=\"auto\"><\/div>\n<\/div>\n<div class=\"x14z9mp xat24cr x1lziwak x1vvkbs xtlvy1s x126k92a\">\n<div dir=\"auto\">Peso&#8230;7.4kg<\/div>\n<div dir=\"auto\"><\/div>\n<\/div>\n<div class=\"x14z9mp xat24cr x1lziwak x1vvkbs xtlvy1s x126k92a\">\n<div dir=\"auto\">Cuadro Specialissima COMP carbon<\/div>\n<div dir=\"auto\">Transmisi\u00f3n Shimano 105 Di2 2&#215;12 velocidades<\/div>\n<div dir=\"auto\">Llantas Velomann Palladium, 33mm o Progress air speed 45mm<\/div>\n<div dir=\"auto\">Neum\u00e1ticos: Pirelli P ZERO Race , 26-622, 127TPI<\/div>\n<div dir=\"auto\">Manillar INTEGRADO Reparto Corse integrated Carbono<\/div>\n<div dir=\"auto\">Tija de sill\u00edn Specialissima Full Carbon Aero<\/div>\n<div dir=\"auto\">Sill\u00edn Velomann Mitora 139<\/div>\n<div dir=\"auto\"><\/div>\n<\/div>\n<div class=\"x14z9mp xat24cr x1lziwak x1vvkbs xtlvy1s x126k92a\">\n<div dir=\"auto\">Mas info en bicistorevlc@gmail.com<\/div>\n<div dir=\"auto\">Bicistore financia 36 meses sin intereses<img decoding=\"async\" loading=\"lazy\" class=\"aligncenter size-medium wp-image-6565\" src=\"http:\/\/bicistorevalencia.es\/tienda\/wp-content\/uploads\/2026\/04\/WhatsApp-Image-2026-04-16-at-14.59.22-300x185.jpeg\" alt=\"\" width=\"300\" height=\"185\" srcset=\"https:\/\/bicistorevalencia.es\/tienda\/wp-content\/uploads\/2026\/04\/WhatsApp-Image-2026-04-16-at-14.59.22-300x185.jpeg 300w, https:\/\/bicistorevalencia.es\/tienda\/wp-content\/uploads\/2026\/04\/WhatsApp-Image-2026-04-16-at-14.59.22-1024x633.jpeg 1024w, https:\/\/bicistorevalencia.es\/tienda\/wp-content\/uploads\/2026\/04\/WhatsApp-Image-2026-04-16-at-14.59.22-768x474.jpeg 768w, https:\/\/bicistorevalencia.es\/tienda\/wp-content\/uploads\/2026\/04\/WhatsApp-Image-2026-04-16-at-14.59.22-416x257.jpeg 416w, https:\/\/bicistorevalencia.es\/tienda\/wp-content\/uploads\/2026\/04\/WhatsApp-Image-2026-04-16-at-14.59.22.jpeg 1457w\" sizes=\"(max-width: 300px) 100vw, 300px\" \/><\/div>\n<\/div>\n","protected":false},"excerpt":{"rendered":"<p>OFERTO\u00d3\u00d3\u00d3NNN BIANCHI SPECIALISSIMA COMP Talla: 47,50,53,55,57,59 VARIOS COLORES Peso&#8230;7.4kg Cuadro Specialissima COMP carbon Transmisi\u00f3n Shimano 105 Di2 2&#215;12 velocidades Llantas Velomann Palladium, 33mm o Progress air speed 45mm Neum\u00e1ticos: Pirelli P ZERO Race , 26-622, 127TPI Manillar INTEGRADO Reparto Corse integrated Carbono Tija de sill\u00edn Specialissima Full Carbon Aero Sill\u00edn Velomann Mitora 139 Mas info [&hellip;]<\/p>\n","protected":false},"featured_media":6565,"comment_status":"closed","ping_status":"closed","template":"","meta":[],"yoast_head":"<!-- This site is optimized with the Yoast SEO plugin v21.5 - https:\/\/yoast.com\/wordpress\/plugins\/seo\/ -->\n<title>OFERTO\u00d3\u00d3\u00d3NNN BIANCHI SPECIALISSIMA COMP - Bicistore Valencia<\/title>\n<meta name=\"robots\" content=\"index, follow, max-snippet:-1, max-image-preview:large, max-video-preview:-1\" \/>\n<link rel=\"canonical\" href=\"https:\/\/bicistorevalencia.es\/tienda\/producto\/ofertoooonnn-bianchi-specialissima-comp\/\" \/>\n<meta property=\"og:locale\" content=\"es_ES\" \/>\n<meta property=\"og:type\" content=\"article\" \/>\n<meta property=\"og:title\" content=\"OFERTO\u00d3\u00d3\u00d3NNN BIANCHI SPECIALISSIMA COMP - Bicistore Valencia\" \/>\n<meta property=\"og:description\" content=\"OFERTO\u00d3\u00d3\u00d3NNN BIANCHI SPECIALISSIMA COMP Talla: 47,50,53,55,57,59 VARIOS COLORES Peso&#8230;7.4kg Cuadro Specialissima COMP carbon Transmisi\u00f3n Shimano 105 Di2 2&#215;12 velocidades Llantas Velomann Palladium, 33mm o Progress air speed 45mm Neum\u00e1ticos: Pirelli P ZERO Race , 26-622, 127TPI Manillar INTEGRADO Reparto Corse integrated Carbono Tija de sill\u00edn Specialissima Full Carbon Aero Sill\u00edn Velomann Mitora 139 Mas info [&hellip;]\" \/>\n<meta property=\"og:url\" content=\"https:\/\/bicistorevalencia.es\/tienda\/producto\/ofertoooonnn-bianchi-specialissima-comp\/\" \/>\n<meta property=\"og:site_name\" content=\"Bicistore Valencia\" \/>\n<meta property=\"article:modified_time\" content=\"2026-04-17T14:25:43+00:00\" \/>\n<meta property=\"og:image\" content=\"http:\/\/bicistorevalencia.es\/tienda\/wp-content\/uploads\/2026\/04\/WhatsApp-Image-2026-04-16-at-14.59.22.jpeg\" \/>\n\t<meta property=\"og:image:width\" content=\"1457\" \/>\n\t<meta property=\"og:image:height\" content=\"900\" \/>\n\t<meta property=\"og:image:type\" content=\"image\/jpeg\" \/>\n<meta name=\"twitter:card\" content=\"summary_large_image\" \/>\n<meta name=\"twitter:label1\" content=\"Tiempo de lectura\" \/>\n\t<meta name=\"twitter:data1\" content=\"1 minuto\" \/>\n<script type=\"application\/ld+json\" class=\"yoast-schema-graph\">{\"@context\":\"https:\/\/schema.org\",\"@graph\":[{\"@type\":\"WebPage\",\"@id\":\"https:\/\/bicistorevalencia.es\/tienda\/producto\/ofertoooonnn-bianchi-specialissima-comp\/\",\"url\":\"https:\/\/bicistorevalencia.es\/tienda\/producto\/ofertoooonnn-bianchi-specialissima-comp\/\",\"name\":\"OFERTO\u00d3\u00d3\u00d3NNN BIANCHI SPECIALISSIMA COMP - Bicistore Valencia\",\"isPartOf\":{\"@id\":\"http:\/\/bicistorevalencia.es\/tienda\/#website\"},\"datePublished\":\"2026-04-16T15:37:31+00:00\",\"dateModified\":\"2026-04-17T14:25:43+00:00\",\"breadcrumb\":{\"@id\":\"https:\/\/bicistorevalencia.es\/tienda\/producto\/ofertoooonnn-bianchi-specialissima-comp\/#breadcrumb\"},\"inLanguage\":\"es\",\"potentialAction\":[{\"@type\":\"ReadAction\",\"target\":[\"https:\/\/bicistorevalencia.es\/tienda\/producto\/ofertoooonnn-bianchi-specialissima-comp\/\"]}]},{\"@type\":\"BreadcrumbList\",\"@id\":\"https:\/\/bicistorevalencia.es\/tienda\/producto\/ofertoooonnn-bianchi-specialissima-comp\/#breadcrumb\",\"itemListElement\":[{\"@type\":\"ListItem\",\"position\":1,\"name\":\"Portada\",\"item\":\"http:\/\/bicistorevalencia.es\/tienda\/\"},{\"@type\":\"ListItem\",\"position\":2,\"name\":\"Tienda\",\"item\":\"http:\/\/bicistorevalencia.es\/tienda\/\"},{\"@type\":\"ListItem\",\"position\":3,\"name\":\"OFERTO\u00d3\u00d3\u00d3NNN BIANCHI SPECIALISSIMA COMP\"}]},{\"@type\":\"WebSite\",\"@id\":\"http:\/\/bicistorevalencia.es\/tienda\/#website\",\"url\":\"http:\/\/bicistorevalencia.es\/tienda\/\",\"name\":\"Bicistore Valencia\",\"description\":\"Venta y reparaci\u00f3n de bicicletas\",\"publisher\":{\"@id\":\"http:\/\/bicistorevalencia.es\/tienda\/#\/schema\/person\/0ca6be05438ac7066ee511ba68356c2f\"},\"potentialAction\":[{\"@type\":\"SearchAction\",\"target\":{\"@type\":\"EntryPoint\",\"urlTemplate\":\"http:\/\/bicistorevalencia.es\/tienda\/?s={search_term_string}\"},\"query-input\":\"required name=search_term_string\"}],\"inLanguage\":\"es\"},{\"@type\":[\"Person\",\"Organization\"],\"@id\":\"http:\/\/bicistorevalencia.es\/tienda\/#\/schema\/person\/0ca6be05438ac7066ee511ba68356c2f\",\"name\":\"bicistorevalencia\",\"image\":{\"@type\":\"ImageObject\",\"inLanguage\":\"es\",\"@id\":\"http:\/\/bicistorevalencia.es\/tienda\/#\/schema\/person\/image\/\",\"url\":\"https:\/\/bicistorevalencia.es\/tienda\/wp-content\/uploads\/2016\/07\/cropped-Logo_bicistore_valencia-512.png\",\"contentUrl\":\"https:\/\/bicistorevalencia.es\/tienda\/wp-content\/uploads\/2016\/07\/cropped-Logo_bicistore_valencia-512.png\",\"width\":200,\"height\":110,\"caption\":\"bicistorevalencia\"},\"logo\":{\"@id\":\"http:\/\/bicistorevalencia.es\/tienda\/#\/schema\/person\/image\/\"}}]}<\/script>\n<!-- \/ Yoast SEO plugin. -->","yoast_head_json":{"title":"OFERTO\u00d3\u00d3\u00d3NNN BIANCHI SPECIALISSIMA COMP - Bicistore Valencia","robots":{"index":"index","follow":"follow","max-snippet":"max-snippet:-1","max-image-preview":"max-image-preview:large","max-video-preview":"max-video-preview:-1"},"canonical":"https:\/\/bicistorevalencia.es\/tienda\/producto\/ofertoooonnn-bianchi-specialissima-comp\/","og_locale":"es_ES","og_type":"article","og_title":"OFERTO\u00d3\u00d3\u00d3NNN BIANCHI SPECIALISSIMA COMP - Bicistore Valencia","og_description":"OFERTO\u00d3\u00d3\u00d3NNN BIANCHI SPECIALISSIMA COMP Talla: 47,50,53,55,57,59 VARIOS COLORES Peso&#8230;7.4kg Cuadro Specialissima COMP carbon Transmisi\u00f3n Shimano 105 Di2 2&#215;12 velocidades Llantas Velomann Palladium, 33mm o Progress air speed 45mm Neum\u00e1ticos: Pirelli P ZERO Race , 26-622, 127TPI Manillar INTEGRADO Reparto Corse integrated Carbono Tija de sill\u00edn Specialissima Full Carbon Aero Sill\u00edn Velomann Mitora 139 Mas info [&hellip;]","og_url":"https:\/\/bicistorevalencia.es\/tienda\/producto\/ofertoooonnn-bianchi-specialissima-comp\/","og_site_name":"Bicistore Valencia","article_modified_time":"2026-04-17T14:25:43+00:00","og_image":[{"width":1457,"height":900,"url":"http:\/\/bicistorevalencia.es\/tienda\/wp-content\/uploads\/2026\/04\/WhatsApp-Image-2026-04-16-at-14.59.22.jpeg","type":"image\/jpeg"}],"twitter_card":"summary_large_image","twitter_misc":{"Tiempo de lectura":"1 minuto"},"schema":{"@context":"https:\/\/schema.org","@graph":[{"@type":"WebPage","@id":"https:\/\/bicistorevalencia.es\/tienda\/producto\/ofertoooonnn-bianchi-specialissima-comp\/","url":"https:\/\/bicistorevalencia.es\/tienda\/producto\/ofertoooonnn-bianchi-specialissima-comp\/","name":"OFERTO\u00d3\u00d3\u00d3NNN BIANCHI SPECIALISSIMA COMP - Bicistore Valencia","isPartOf":{"@id":"http:\/\/bicistorevalencia.es\/tienda\/#website"},"datePublished":"2026-04-16T15:37:31+00:00","dateModified":"2026-04-17T14:25:43+00:00","breadcrumb":{"@id":"https:\/\/bicistorevalencia.es\/tienda\/producto\/ofertoooonnn-bianchi-specialissima-comp\/#breadcrumb"},"inLanguage":"es","potentialAction":[{"@type":"ReadAction","target":["https:\/\/bicistorevalencia.es\/tienda\/producto\/ofertoooonnn-bianchi-specialissima-comp\/"]}]},{"@type":"BreadcrumbList","@id":"https:\/\/bicistorevalencia.es\/tienda\/producto\/ofertoooonnn-bianchi-specialissima-comp\/#breadcrumb","itemListElement":[{"@type":"ListItem","position":1,"name":"Portada","item":"http:\/\/bicistorevalencia.es\/tienda\/"},{"@type":"ListItem","position":2,"name":"Tienda","item":"http:\/\/bicistorevalencia.es\/tienda\/"},{"@type":"ListItem","position":3,"name":"OFERTO\u00d3\u00d3\u00d3NNN BIANCHI SPECIALISSIMA COMP"}]},{"@type":"WebSite","@id":"http:\/\/bicistorevalencia.es\/tienda\/#website","url":"http:\/\/bicistorevalencia.es\/tienda\/","name":"Bicistore Valencia","description":"Venta y reparaci\u00f3n de bicicletas","publisher":{"@id":"http:\/\/bicistorevalencia.es\/tienda\/#\/schema\/person\/0ca6be05438ac7066ee511ba68356c2f"},"potentialAction":[{"@type":"SearchAction","target":{"@type":"EntryPoint","urlTemplate":"http:\/\/bicistorevalencia.es\/tienda\/?s={search_term_string}"},"query-input":"required name=search_term_string"}],"inLanguage":"es"},{"@type":["Person","Organization"],"@id":"http:\/\/bicistorevalencia.es\/tienda\/#\/schema\/person\/0ca6be05438ac7066ee511ba68356c2f","name":"bicistorevalencia","image":{"@type":"ImageObject","inLanguage":"es","@id":"http:\/\/bicistorevalencia.es\/tienda\/#\/schema\/person\/image\/","url":"https:\/\/bicistorevalencia.es\/tienda\/wp-content\/uploads\/2016\/07\/cropped-Logo_bicistore_valencia-512.png","contentUrl":"https:\/\/bicistorevalencia.es\/tienda\/wp-content\/uploads\/2016\/07\/cropped-Logo_bicistore_valencia-512.png","width":200,"height":110,"caption":"bicistorevalencia"},"logo":{"@id":"http:\/\/bicistorevalencia.es\/tienda\/#\/schema\/person\/image\/"}}]}},"_links":{"self":[{"href":"https:\/\/bicistorevalencia.es\/tienda\/wp-json\/wp\/v2\/product\/6564"}],"collection":[{"href":"https:\/\/bicistorevalencia.es\/tienda\/wp-json\/wp\/v2\/product"}],"about":[{"href":"https:\/\/bicistorevalencia.es\/tienda\/wp-json\/wp\/v2\/types\/product"}],"replies":[{"embeddable":true,"href":"https:\/\/bicistorevalencia.es\/tienda\/wp-json\/wp\/v2\/comments?post=6564"}],"wp:featuredmedia":[{"embeddable":true,"href":"https:\/\/bicistorevalencia.es\/tienda\/wp-json\/wp\/v2\/media\/6565"}],"wp:attachment":[{"href":"https:\/\/bicistorevalencia.es\/tienda\/wp-json\/wp\/v2\/media?parent=6564"}],"curies":[{"name":"wp","href":"https:\/\/api.w.org\/{rel}","templated":true}]}}